{"id":35883,"date":"2015-04-25T20:09:09","date_gmt":"2015-04-25T20:09:09","guid":{"rendered":"http:\/\/www.colegiodesafio.net\/home\/?page_id=35883"},"modified":"2016-08-17T20:21:08","modified_gmt":"2016-08-17T20:21:08","slug":"proposta-pedagogica","status":"publish","type":"page","link":"https:\/\/www.colegiodesafio.net\/home\/colegio\/proposta-pedagogica\/","title":{"rendered":"Proposta Pedag\u00f3gica"},"content":{"rendered":"<p>[vc_row][vc_column][vc_column_text]<\/p>\n<p style=\"text-align: justify;\"><strong>Projeto Pedag\u00f3gico<\/strong><\/p>\n<p style=\"text-align: justify;\">O projeto pedag\u00f3gico visa promover um ensino que priorize a fun\u00e7\u00e3o social do educando. Desse modo, em sua pr\u00e1tica pedag\u00f3gica o Col\u00e9gio Desafio busca trabalhar valores culturais e morais, integrando elementos da vida social aos conte\u00fados trabalhados com o objetivo de promover o ensino de qualidade, pautado na forma\u00e7\u00e3o integral do educando, permitindo-o acesso ao conhecimento sistematizado e a produ\u00e7\u00e3o de novos saberes a fim de fazer com que ele (a) se torne um sujeito participativo(a) na sociedade em que est\u00e1 inserido(a).<\/p>\n<p style=\"text-align: justify;\">Com isso, a escola deve ser cr\u00edtica, reflexiva e possibilitar a toda a comunidade um Projeto Pol\u00edtico Pedag\u00f3gico consolidado pela colabora\u00e7\u00e3o m\u00fatua e o exerc\u00edcio da constru\u00e7\u00e3o coletiva, para isso, o curr\u00edculo contempla diversas \u00e1reas do conhecimento.<\/p>\n<p>[\/vc_column_text][vc_empty_space height=&#8221;32px&#8221;][\/vc_column][\/vc_row]<\/p>\n","protected":false},"excerpt":{"rendered":"<p>[vc_row][vc_column][vc_column_text] Projeto Pedag\u00f3gico O projeto pedag\u00f3gico visa promover um ensino que priorize a fun\u00e7\u00e3o social do educando. Desse modo, em sua pr\u00e1tica pedag\u00f3gica o Col\u00e9gio Desafio busca trabalhar valores culturais e morais, integrando elementos da vida social aos conte\u00fados trabalhados com o objetivo de promover o ensino de qualidade, pautado na forma\u00e7\u00e3o integral do educando,&hellip;<\/p>\n","protected":false},"author":2,"featured_media":0,"parent":12753,"menu_order":10,"comment_status":"closed","ping_status":"closed","template":"","meta":[],"_links":{"self":[{"href":"https:\/\/www.colegiodesafio.net\/home\/wp-json\/wp\/v2\/pages\/35883"}],"collection":[{"href":"https:\/\/www.colegiodesafio.net\/home\/wp-json\/wp\/v2\/pages"}],"about":[{"href":"https:\/\/www.colegiodesafio.net\/home\/wp-json\/wp\/v2\/types\/page"}],"author":[{"embeddable":true,"href":"https:\/\/www.colegiodesafio.net\/home\/wp-json\/wp\/v2\/users\/2"}],"replies":[{"embeddable":true,"href":"https:\/\/www.colegiodesafio.net\/home\/wp-json\/wp\/v2\/comments?post=35883"}],"version-history":[{"count":0,"href":"https:\/\/www.colegiodesafio.net\/home\/wp-json\/wp\/v2\/pages\/35883\/revisions"}],"up":[{"embeddable":true,"href":"https:\/\/www.colegiodesafio.net\/home\/wp-json\/wp\/v2\/pages\/12753"}],"wp:attachment":[{"href":"https:\/\/www.colegiodesafio.net\/home\/wp-json\/wp\/v2\/media?parent=35883"}],"curies":[{"name":"wp","href":"https:\/\/api.w.org\/{rel}","templated":true}]}}