{"id":35931,"date":"2015-04-25T20:40:12","date_gmt":"2015-04-25T20:40:12","guid":{"rendered":"http:\/\/www.colegiodesafio.net\/home\/?page_id=35931"},"modified":"2015-06-27T20:32:46","modified_gmt":"2015-06-27T20:32:46","slug":"infraestrutura-1","status":"publish","type":"page","link":"https:\/\/www.colegiodesafio.net\/home\/unidade-1\/infraestrutura-1\/","title":{"rendered":"Infraestrutura"},"content":{"rendered":"<p style=\"text-align: justify;\">O Col\u00e9gio Desafio est\u00e1 estruturado em tr\u00eas pavilh\u00f5es sendo um administrativo e dois pedag\u00f3gicos e atende a Educa\u00e7\u00e3o Infantil (crian\u00e7as de quatro a cinco anos), Ensino Fundamental do 1\u00ba ao 9\u00ba ano e Ensino M\u00e9dio Regular. Al\u00e9m disso, possui atualmente uma clientela de 1.500 (hum mil e quinhentos) alunos, sendo que o pr\u00e9dio \u00e9 adaptado para desenvolver atividade escolar, situado \u00e0 Avenida Mangal\u00f4, n\u00ba.742, Qd.06, Lt. 56, Setor Morada do Sol, com \u00e1rea do terreno medindo 5.000m\u00b2.<\/p>\n<p style=\"text-align: justify;\">O Col\u00e9gio Desafio \u00e9 dividido em 30 salas de aula, um audit\u00f3rio, uma sala de ballet, uma recep\u00e7\u00e3o, uma sala de professores, uma cantina, uma diretoria, uma tesouraria, um sala para fotoc\u00f3pias, tr\u00eas dep\u00f3sitos, uma cozinha, uma secretaria, um p\u00e1tio com parque, dez banheiros, quatro salas de coordena\u00e7\u00e3o, um laborat\u00f3rio de Inform\u00e1tica, uma biblioteca e uma quadra coberta.<\/p>\n","protected":false},"excerpt":{"rendered":"<p>O Col\u00e9gio Desafio est\u00e1 estruturado em tr\u00eas pavilh\u00f5es sendo um administrativo e dois pedag\u00f3gicos e atende a Educa\u00e7\u00e3o Infantil (crian\u00e7as de quatro a cinco anos), Ensino Fundamental do 1\u00ba ao 9\u00ba ano e Ensino M\u00e9dio Regular. Al\u00e9m disso, possui atualmente uma clientela de 1.500 (hum mil e quinhentos) alunos, sendo que o pr\u00e9dio \u00e9 adaptado&hellip;<\/p>\n","protected":false},"author":2,"featured_media":0,"parent":35880,"menu_order":15,"comment_status":"closed","ping_status":"closed","template":"","meta":[],"_links":{"self":[{"href":"https:\/\/www.colegiodesafio.net\/home\/wp-json\/wp\/v2\/pages\/35931"}],"collection":[{"href":"https:\/\/www.colegiodesafio.net\/home\/wp-json\/wp\/v2\/pages"}],"about":[{"href":"https:\/\/www.colegiodesafio.net\/home\/wp-json\/wp\/v2\/types\/page"}],"author":[{"embeddable":true,"href":"https:\/\/www.colegiodesafio.net\/home\/wp-json\/wp\/v2\/users\/2"}],"replies":[{"embeddable":true,"href":"https:\/\/www.colegiodesafio.net\/home\/wp-json\/wp\/v2\/comments?post=35931"}],"version-history":[{"count":0,"href":"https:\/\/www.colegiodesafio.net\/home\/wp-json\/wp\/v2\/pages\/35931\/revisions"}],"up":[{"embeddable":true,"href":"https:\/\/www.colegiodesafio.net\/home\/wp-json\/wp\/v2\/pages\/35880"}],"wp:attachment":[{"href":"https:\/\/www.colegiodesafio.net\/home\/wp-json\/wp\/v2\/media?parent=35931"}],"curies":[{"name":"wp","href":"https:\/\/api.w.org\/{rel}","templated":true}]}}