{"id":35946,"date":"2015-04-25T20:45:17","date_gmt":"2015-04-25T20:45:17","guid":{"rendered":"http:\/\/www.colegiodesafio.net\/home\/?page_id=35946"},"modified":"2015-06-27T20:34:32","modified_gmt":"2015-06-27T20:34:32","slug":"infraestrutura-2","status":"publish","type":"page","link":"https:\/\/www.colegiodesafio.net\/home\/unidade-2\/infraestrutura-2\/","title":{"rendered":"Infraestrutura"},"content":{"rendered":"<p style=\"text-align: justify;\">O Col\u00e9gio Desafio \u00e9 dividido em doze salas de aula, uma dire\u00e7\u00e3o, uma coordena\u00e7\u00e3o, uma secret\u00e1ria, uma tesouraria, uma sala dos professores, uma biblioteca, um laborat\u00f3rio de inform\u00e1tica, oito banheiros, uma sala de bal\u00e9, uma cozinha e uma quadra de esportes.<\/p>\n","protected":false},"excerpt":{"rendered":"<p>O Col\u00e9gio Desafio \u00e9 dividido em doze salas de aula, uma dire\u00e7\u00e3o, uma coordena\u00e7\u00e3o, uma secret\u00e1ria, uma tesouraria, uma sala dos professores, uma biblioteca, um laborat\u00f3rio de inform\u00e1tica, oito banheiros, uma sala de bal\u00e9, uma cozinha e uma quadra de esportes.<\/p>\n","protected":false},"author":2,"featured_media":0,"parent":35941,"menu_order":0,"comment_status":"closed","ping_status":"closed","template":"","meta":[],"_links":{"self":[{"href":"https:\/\/www.colegiodesafio.net\/home\/wp-json\/wp\/v2\/pages\/35946"}],"collection":[{"href":"https:\/\/www.colegiodesafio.net\/home\/wp-json\/wp\/v2\/pages"}],"about":[{"href":"https:\/\/www.colegiodesafio.net\/home\/wp-json\/wp\/v2\/types\/page"}],"author":[{"embeddable":true,"href":"https:\/\/www.colegiodesafio.net\/home\/wp-json\/wp\/v2\/users\/2"}],"replies":[{"embeddable":true,"href":"https:\/\/www.colegiodesafio.net\/home\/wp-json\/wp\/v2\/comments?post=35946"}],"version-history":[{"count":0,"href":"https:\/\/www.colegiodesafio.net\/home\/wp-json\/wp\/v2\/pages\/35946\/revisions"}],"up":[{"embeddable":true,"href":"https:\/\/www.colegiodesafio.net\/home\/wp-json\/wp\/v2\/pages\/35941"}],"wp:attachment":[{"href":"https:\/\/www.colegiodesafio.net\/home\/wp-json\/wp\/v2\/media?parent=35946"}],"curies":[{"name":"wp","href":"https:\/\/api.w.org\/{rel}","templated":true}]}}