{"id":35995,"date":"2015-04-25T21:05:17","date_gmt":"2015-04-25T21:05:17","guid":{"rendered":"http:\/\/www.colegiodesafio.net\/home\/?page_id=35995"},"modified":"2021-10-08T01:29:06","modified_gmt":"2021-10-08T01:29:06","slug":"portal-do-aluno-e-professor","status":"publish","type":"page","link":"https:\/\/www.colegiodesafio.net\/home\/colegio\/portal-do-aluno-e-professor\/","title":{"rendered":"Portal do Aluno e Professor"},"content":{"rendered":"<p>[vc_row][vc_column][vc_message message_box_style=&#8221;3d&#8221; message_box_color=&#8221;pink&#8221; icon_fontawesome=&#8221;fa fa-exclamation-triangle&#8221;]Orienta\u00e7\u00e3o de como acessar o portal do aluno:<br \/>\nUSU\u00c1RIO: cpf (sem ponto)<br \/>\nSENHA: cpf (sem ponto)[\/vc_message][vc_empty_space][\/vc_column][\/vc_row][vc_row][vc_column][vc_column_text][\/vc_column_text][\/vc_column][\/vc_row]<\/p>\n","protected":false},"excerpt":{"rendered":"<p>[vc_row][vc_column][vc_message message_box_style=&#8221;3d&#8221; message_box_color=&#8221;pink&#8221; icon_fontawesome=&#8221;fa fa-exclamation-triangle&#8221;]Orienta\u00e7\u00e3o de como acessar o portal do aluno: USU\u00c1RIO: cpf (sem ponto) SENHA: cpf (sem ponto)[\/vc_message][vc_empty_space][\/vc_column][\/vc_row][vc_row][vc_column][vc_column_text][\/vc_column_text][\/vc_column][\/vc_row]<\/p>\n","protected":false},"author":2,"featured_media":0,"parent":12753,"menu_order":3,"comment_status":"closed","ping_status":"closed","template":"","meta":[],"_links":{"self":[{"href":"https:\/\/www.colegiodesafio.net\/home\/wp-json\/wp\/v2\/pages\/35995"}],"collection":[{"href":"https:\/\/www.colegiodesafio.net\/home\/wp-json\/wp\/v2\/pages"}],"about":[{"href":"https:\/\/www.colegiodesafio.net\/home\/wp-json\/wp\/v2\/types\/page"}],"author":[{"embeddable":true,"href":"https:\/\/www.colegiodesafio.net\/home\/wp-json\/wp\/v2\/users\/2"}],"replies":[{"embeddable":true,"href":"https:\/\/www.colegiodesafio.net\/home\/wp-json\/wp\/v2\/comments?post=35995"}],"version-history":[{"count":0,"href":"https:\/\/www.colegiodesafio.net\/home\/wp-json\/wp\/v2\/pages\/35995\/revisions"}],"up":[{"embeddable":true,"href":"https:\/\/www.colegiodesafio.net\/home\/wp-json\/wp\/v2\/pages\/12753"}],"wp:attachment":[{"href":"https:\/\/www.colegiodesafio.net\/home\/wp-json\/wp\/v2\/media?parent=35995"}],"curies":[{"name":"wp","href":"https:\/\/api.w.org\/{rel}","templated":true}]}}